{"id":18,"date":"2024-11-15T12:21:18","date_gmt":"2024-11-15T11:21:18","guid":{"rendered":"https:\/\/keglifonyod.hu\/?page_id=18"},"modified":"2026-04-28T09:22:12","modified_gmt":"2026-04-28T07:22:12","slug":"imprint","status":"publish","type":"page","link":"https:\/\/keglifonyod.hu\/en\/impresszum\/","title":{"rendered":"Imprint"},"content":{"rendered":"<div data-elementor-type=\"wp-page\" data-elementor-id=\"18\" class=\"elementor elementor-18\" data-elementor-post-type=\"page\">\n\t\t\t\t<div class=\"elementor-element elementor-element-00b50db e-flex e-con-boxed e-con e-parent\" data-id=\"00b50db\" data-element_type=\"container\" data-e-type=\"container\" data-settings=\"{&quot;background_background&quot;:&quot;classic&quot;,&quot;shape_divider_bottom&quot;:&quot;wave-brush&quot;}\">\n\t\t\t\t\t<div class=\"e-con-inner\">\n\t\t\t\t<div class=\"elementor-shape elementor-shape-bottom\" aria-hidden=\"true\" data-negative=\"false\">\n\t\t\t<svg xmlns=\"http:\/\/www.w3.org\/2000\/svg\" viewbox=\"0 0 283.5 27.8\" preserveaspectratio=\"none\">\n\t<path class=\"elementor-shape-fill\" d=\"M283.5,9.7c0,0-7.3,4.3-14,4.6c-6.8,0.3-12.6,0-20.9-1.5c-11.3-2-33.1-10.1-44.7-5.7\ts-12.1,4.6-18,7.4c-6.6,3.2-20,9.6-36.6,9.3C131.6,23.5,99.5,7.2,86.3,8c-1.4,0.1-6.6,0.8-10.5,2c-3.8,1.2-9.4,3.8-17,4.7\tc-3.2,0.4-8.3,1.1-14.2,0.9c-1.5-0.1-6.3-0.4-12-1.6c-5.7-1.2-11-3.1-15.8-3.7C6.5,9.2,0,10.8,0,10.8V0h283.5V9.7z M260.8,11.3\tc-0.7-1-2-0.4-4.3-0.4c-2.3,0-6.1-1.2-5.8-1.1c0.3,0.1,3.1,1.5,6,1.9C259.7,12.2,261.4,12.3,260.8,11.3z M242.4,8.6\tc0,0-2.4-0.2-5.6-0.9c-3.2-0.8-10.3-2.8-15.1-3.5c-8.2-1.1-15.8,0-15.1,0.1c0.8,0.1,9.6-0.6,17.6,1.1c3.3,0.7,9.3,2.2,12.4,2.7\tC239.9,8.7,242.4,8.6,242.4,8.6z M185.2,8.5c1.7-0.7-13.3,4.7-18.5,6.1c-2.1,0.6-6.2,1.6-10,2c-3.9,0.4-8.9,0.4-8.8,0.5\tc0,0.2,5.8,0.8,11.2,0c5.4-0.8,5.2-1.1,7.6-1.6C170.5,14.7,183.5,9.2,185.2,8.5z M199.1,6.9c0.2,0-0.8-0.4-4.8,1.1\tc-4,1.5-6.7,3.5-6.9,3.7c-0.2,0.1,3.5-1.8,6.6-3C197,7.5,199,6.9,199.1,6.9z M283,6c-0.1,0.1-1.9,1.1-4.8,2.5s-6.9,2.8-6.7,2.7\tc0.2,0,3.5-0.6,7.4-2.5C282.8,6.8,283.1,5.9,283,6z M31.3,11.6c0.1-0.2-1.9-0.2-4.5-1.2s-5.4-1.6-7.8-2C15,7.6,7.3,8.5,7.7,8.6\tC8,8.7,15.9,8.3,20.2,9.3c2.2,0.5,2.4,0.5,5.7,1.6S31.2,11.9,31.3,11.6z M73,9.2c0.4-0.1,3.5-1.6,8.4-2.6c4.9-1.1,8.9-0.5,8.9-0.8\tc0-0.3-1-0.9-6.2-0.3S72.6,9.3,73,9.2z M71.6,6.7C71.8,6.8,75,5.4,77.3,5c2.3-0.3,1.9-0.5,1.9-0.6c0-0.1-1.1-0.2-2.7,0.2\tC74.8,5.1,71.4,6.6,71.6,6.7z M93.6,4.4c0.1,0.2,3.5,0.8,5.6,1.8c2.1,1,1.8,0.6,1.9,0.5c0.1-0.1-0.8-0.8-2.4-1.3\tC97.1,4.8,93.5,4.2,93.6,4.4z M65.4,11.1c-0.1,0.3,0.3,0.5,1.9-0.2s2.6-1.3,2.2-1.2s-0.9,0.4-2.5,0.8C65.3,10.9,65.5,10.8,65.4,11.1\tz M34.5,12.4c-0.2,0,2.1,0.8,3.3,0.9c1.2,0.1,2,0.1,2-0.2c0-0.3-0.1-0.5-1.6-0.4C36.6,12.8,34.7,12.4,34.5,12.4z M152.2,21.1\tc-0.1,0.1-2.4-0.3-7.5-0.3c-5,0-13.6-2.4-17.2-3.5c-3.6-1.1,10,3.9,16.5,4.1C150.5,21.6,152.3,21,152.2,21.1z\"\/>\n\t<path class=\"elementor-shape-fill\" d=\"M269.6,18c-0.1-0.1-4.6,0.3-7.2,0c-7.3-0.7-17-3.2-16.6-2.9c0.4,0.3,13.7,3.1,17,3.3\tC267.7,18.8,269.7,18,269.6,18z\"\/>\n\t<path class=\"elementor-shape-fill\" d=\"M227.4,9.8c-0.2-0.1-4.5-1-9.5-1.2c-5-0.2-12.7,0.6-12.3,0.5c0.3-0.1,5.9-1.8,13.3-1.2\tS227.6,9.9,227.4,9.8z\"\/>\n\t<path class=\"elementor-shape-fill\" d=\"M204.5,13.4c-0.1-0.1,2-1,3.2-1.1c1.2-0.1,2,0,2,0.3c0,0.3-0.1,0.5-1.6,0.4\tC206.4,12.9,204.6,13.5,204.5,13.4z\"\/>\n\t<path class=\"elementor-shape-fill\" d=\"M201,10.6c0-0.1-4.4,1.2-6.3,2.2c-1.9,0.9-6.2,3.1-6.1,3.1c0.1,0.1,4.2-1.6,6.3-2.6\tS201,10.7,201,10.6z\"\/>\n\t<path class=\"elementor-shape-fill\" d=\"M154.5,26.7c-0.1-0.1-4.6,0.3-7.2,0c-7.3-0.7-17-3.2-16.6-2.9c0.4,0.3,13.7,3.1,17,3.3\tC152.6,27.5,154.6,26.8,154.5,26.7z\"\/>\n\t<path class=\"elementor-shape-fill\" d=\"M41.9,19.3c0,0,1.2-0.3,2.9-0.1c1.7,0.2,5.8,0.9,8.2,0.7c4.2-0.4,7.4-2.7,7-2.6\tc-0.4,0-4.3,2.2-8.6,1.9c-1.8-0.1-5.1-0.5-6.7-0.4S41.9,19.3,41.9,19.3z\"\/>\n\t<path class=\"elementor-shape-fill\" d=\"M75.5,12.6c0.2,0.1,2-0.8,4.3-1.1c2.3-0.2,2.1-0.3,2.1-0.5c0-0.1-1.8-0.4-3.4,0\tC76.9,11.5,75.3,12.5,75.5,12.6z\"\/>\n\t<path class=\"elementor-shape-fill\" d=\"M15.6,13.2c0-0.1,4.3,0,6.7,0.5c2.4,0.5,5,1.9,5,2c0,0.1-2.7-0.8-5.1-1.4\tC19.9,13.7,15.7,13.3,15.6,13.2z\"\/>\n<\/svg>\t\t<\/div>\n\t\t\t\t<div class=\"elementor-element elementor-element-3ef2cee elementor-widget elementor-widget-heading\" data-id=\"3ef2cee\" data-element_type=\"widget\" data-e-type=\"widget\" data-widget_type=\"heading.default\">\n\t\t\t\t<div class=\"elementor-widget-container\">\n\t\t\t\t\t<h2 class=\"elementor-heading-title elementor-size-default\">Imprint<\/h2>\t\t\t\t<\/div>\n\t\t\t\t<\/div>\n\t\t\t\t\t<\/div>\n\t\t\t\t<\/div>\n\t\t<div class=\"elementor-element elementor-element-931a01c e-flex e-con-boxed e-con e-parent\" data-id=\"931a01c\" data-element_type=\"container\" data-e-type=\"container\">\n\t\t\t\t\t<div class=\"e-con-inner\">\n\t\t<div class=\"elementor-element elementor-element-d0aa561 e-con-full e-flex e-con e-child\" data-id=\"d0aa561\" data-element_type=\"container\" data-e-type=\"container\">\n\t\t\t\t<div class=\"elementor-element elementor-element-31e27ee elementor-widget elementor-widget-text-editor\" data-id=\"31e27ee\" data-element_type=\"widget\" data-e-type=\"widget\" data-widget_type=\"text-editor.default\">\n\t\t\t\t<div class=\"elementor-widget-container\">\n\t\t\t\t\t\t\t\t\t<h3><b>Company details<\/b><\/h3><p><b>Company name:<\/b><span style=\"font-weight: 400;\">: Navem Consulting Kft.<\/span><\/p><p><b>Address:<\/b><span style=\"font-weight: 400;\">: 8640 Fony\u00f3d, F\u0151 utca 119.<\/span><span style=\"font-weight: 400;\"><br \/><\/span><b>Tax number:<\/b><span style=\"font-weight: 400;\">: <\/span><span style=\"font-weight: 400;\">27925920-2-14<\/span><\/p><p><b>Company registration number:<\/b><span style=\"font-weight: 400;\">: 14-09-317539<\/span><\/p><p><b>Phone:<\/b><span style=\"font-weight: 400;\">: +36 30 210 6649<\/span><span style=\"font-weight: 400;\"><br \/><\/span><b>E-mail<\/b><span style=\"font-weight: 400;\">: keglifonyod@gmail.com<\/span><span style=\"font-weight: 400;\"><br \/><\/span><b>Web<\/b><span style=\"font-weight: 400;\">: <\/span><a href=\"https:\/\/keglifonyod.hu\/en\/\"><span style=\"font-weight: 400;\">www.keglifonyod.hu<\/span><\/a><\/p><h3>\u00a0<\/h3><h3><b>Website Operator<\/b><\/h3><p><b>Company name:<\/b><span style=\"font-weight: 400;\">: Growth Craft Kft.<\/span><span style=\"font-weight: 400;\"><br \/><\/span><b>Head office:<\/b><span style=\"font-weight: 400;\">: 5121 J\u00e1sz\u00e1roksz\u00e1ll\u00e1s, T\u00e1ncsics Mih\u00e1ly utca 6.<\/span><span style=\"font-weight: 400;\"><br \/><\/span><b>E-mail<\/b><span style=\"font-weight: 400;\">: hello@growthcraft.agency<\/span><span style=\"font-weight: 400;\"><br \/><\/span><b>Web<\/b><span style=\"font-weight: 400;\">: <\/span><a href=\"http:\/\/www.growthcraft.agency\/\"><span style=\"font-weight: 400;\">www.growthcraft.agency<\/span><\/a><\/p><h3>\u00a0<\/h3><h3><b>The website's hosting provider<\/b><\/h3><p><b>Company name:<\/b><span style=\"font-weight: 400;\">: T\u00e1rhely.Eu Kft.<\/span><span style=\"font-weight: 400;\"><br \/><\/span><b>Address:<\/b><span style=\"font-weight: 400;\">: 1144 Budapest, Orm\u00e1ns\u00e1g u 4.<\/span><span style=\"font-weight: 400;\"><br \/><\/span><b>Tax number:<\/b><span style=\"font-weight: 400;\">: 14571332-2-42<\/span><span style=\"font-weight: 400;\"><br \/><\/span><b>Phone:<\/b><span style=\"font-weight: 400;\">: +36 1 789 2 789<\/span><span style=\"font-weight: 400;\"><br \/><\/span><b>E-mail<\/b><span style=\"font-weight: 400;\">: support@tarhely.eu<\/span><span style=\"font-weight: 400;\"><br \/><\/span><b>Web<\/b><span style=\"font-weight: 400;\">: <\/span><a href=\"https:\/\/tarhely.eu\"><span style=\"font-weight: 400;\">https:\/\/tarhely.eu<\/span><\/a><\/p>\t\t\t\t\t\t\t\t<\/div>\n\t\t\t\t<\/div>\n\t\t\t\t<\/div>\n\t\t\t\t\t<\/div>\n\t\t\t\t<\/div>\n\t\t\t\t<\/div>","protected":false},"excerpt":{"rendered":"<p>Impresszum C\u00e9gadatok C\u00e9g neve: Navem Consulting Kft. C\u00edm: 8640 Fony\u00f3d, F\u0151 utca 119.Ad\u00f3sz\u00e1m: 27925920-2-14 C\u00e9gjegyz\u00e9ksz\u00e1m: 14-09-317539 Telefon: +36 30 210 6649E-mail: keglifonyod@gmail.comWeb: www.keglifonyod.hu \u00a0 A weboldal \u00fczemeltet\u0151je C\u00e9g neve: Growth Craft Kft.Sz\u00e9khelye: 5121 J\u00e1sz\u00e1roksz\u00e1ll\u00e1s, T\u00e1ncsics Mih\u00e1ly utca 6.E-mail: hello@growthcraft.agencyWeb: www.growthcraft.agency \u00a0 A weboldal t\u00e1rhelyszolg\u00e1ltat\u00f3ja C\u00e9g neve: T\u00e1rhely.Eu Kft.C\u00edm: 1144 Budapest, Orm\u00e1ns\u00e1g u 4.Ad\u00f3sz\u00e1m: 14571332-2-42Telefon: +36 [&hellip;]<\/p>\n","protected":false},"author":1,"featured_media":0,"parent":0,"menu_order":0,"comment_status":"closed","ping_status":"closed","template":"","meta":{"footnotes":""},"class_list":["post-18","page","type-page","status-publish","hentry"],"yoast_head":"<!-- This site is optimized with the Yoast SEO plugin v27.3 - https:\/\/yoast.com\/product\/yoast-seo-wordpress\/ -->\n<title>Impresszum - K\u00e9gli Fony\u00f3d<\/title>\n<meta name=\"robots\" content=\"noindex, nofollow\" \/>\n<meta property=\"og:locale\" content=\"en_GB\" \/>\n<meta property=\"og:type\" content=\"article\" \/>\n<meta property=\"og:title\" content=\"Impresszum - K\u00e9gli Fony\u00f3d\" \/>\n<meta property=\"og:description\" content=\"Impresszum C\u00e9gadatok C\u00e9g neve: Navem Consulting Kft. C\u00edm: 8640 Fony\u00f3d, F\u0151 utca 119.Ad\u00f3sz\u00e1m: 27925920-2-14 C\u00e9gjegyz\u00e9ksz\u00e1m: 14-09-317539 Telefon: +36 30 210 6649E-mail: keglifonyod@gmail.comWeb: www.keglifonyod.hu \u00a0 A weboldal \u00fczemeltet\u0151je C\u00e9g neve: Growth Craft Kft.Sz\u00e9khelye: 5121 J\u00e1sz\u00e1roksz\u00e1ll\u00e1s, T\u00e1ncsics Mih\u00e1ly utca 6.E-mail: hello@growthcraft.agencyWeb: www.growthcraft.agency \u00a0 A weboldal t\u00e1rhelyszolg\u00e1ltat\u00f3ja C\u00e9g neve: T\u00e1rhely.Eu Kft.C\u00edm: 1144 Budapest, Orm\u00e1ns\u00e1g u 4.Ad\u00f3sz\u00e1m: 14571332-2-42Telefon: +36 [&hellip;]\" \/>\n<meta property=\"og:url\" content=\"https:\/\/keglifonyod.hu\/en\/imprint\/\" \/>\n<meta property=\"og:site_name\" content=\"K\u00e9gli Fony\u00f3d\" \/>\n<meta property=\"article:publisher\" content=\"https:\/\/www.facebook.com\/keglifonyod\" \/>\n<meta property=\"article:modified_time\" content=\"2026-04-28T07:22:12+00:00\" \/>\n<meta property=\"og:image\" content=\"https:\/\/keglifonyod.hu\/wp-content\/uploads\/2025\/08\/kegli-kiemelt-kep.jpg\" \/>\n\t<meta property=\"og:image:width\" content=\"1200\" \/>\n\t<meta property=\"og:image:height\" content=\"675\" \/>\n\t<meta property=\"og:image:type\" content=\"image\/jpeg\" \/>\n<meta name=\"twitter:card\" content=\"summary_large_image\" \/>\n<meta name=\"twitter:label1\" content=\"Estimated reading time\" \/>\n\t<meta name=\"twitter:data1\" content=\"1 minute\" \/>\n<script type=\"application\/ld+json\" class=\"yoast-schema-graph\">{\"@context\":\"https:\\\/\\\/schema.org\",\"@graph\":[{\"@type\":\"WebPage\",\"@id\":\"https:\\\/\\\/keglifonyod.hu\\\/impresszum\\\/\",\"url\":\"https:\\\/\\\/keglifonyod.hu\\\/impresszum\\\/\",\"name\":\"Impresszum - K\u00e9gli Fony\u00f3d\",\"isPartOf\":{\"@id\":\"https:\\\/\\\/keglifonyod.hu\\\/#website\"},\"datePublished\":\"2024-11-15T11:21:18+00:00\",\"dateModified\":\"2026-04-28T07:22:12+00:00\",\"breadcrumb\":{\"@id\":\"https:\\\/\\\/keglifonyod.hu\\\/impresszum\\\/#breadcrumb\"},\"inLanguage\":\"en-GB\",\"potentialAction\":[{\"@type\":\"ReadAction\",\"target\":[\"https:\\\/\\\/keglifonyod.hu\\\/impresszum\\\/\"]}]},{\"@type\":\"BreadcrumbList\",\"@id\":\"https:\\\/\\\/keglifonyod.hu\\\/impresszum\\\/#breadcrumb\",\"itemListElement\":[{\"@type\":\"ListItem\",\"position\":1,\"name\":\"Kezd\u0151lap\",\"item\":\"https:\\\/\\\/keglifonyod.hu\\\/\"},{\"@type\":\"ListItem\",\"position\":2,\"name\":\"Impresszum\"}]},{\"@type\":\"WebSite\",\"@id\":\"https:\\\/\\\/keglifonyod.hu\\\/#website\",\"url\":\"https:\\\/\\\/keglifonyod.hu\\\/\",\"name\":\"K\u00e9gli Fony\u00f3d\",\"description\":\"Ahov\u00e1 csak meg\u00e9rkezned kell\",\"publisher\":{\"@id\":\"https:\\\/\\\/keglifonyod.hu\\\/#organization\"},\"potentialAction\":[{\"@type\":\"SearchAction\",\"target\":{\"@type\":\"EntryPoint\",\"urlTemplate\":\"https:\\\/\\\/keglifonyod.hu\\\/?s={search_term_string}\"},\"query-input\":{\"@type\":\"PropertyValueSpecification\",\"valueRequired\":true,\"valueName\":\"search_term_string\"}}],\"inLanguage\":\"en-GB\"},{\"@type\":\"Organization\",\"@id\":\"https:\\\/\\\/keglifonyod.hu\\\/#organization\",\"name\":\"K\u00e9gli Fony\u00f3d\",\"url\":\"https:\\\/\\\/keglifonyod.hu\\\/\",\"logo\":{\"@type\":\"ImageObject\",\"inLanguage\":\"en-GB\",\"@id\":\"https:\\\/\\\/keglifonyod.hu\\\/#\\\/schema\\\/logo\\\/image\\\/\",\"url\":\"https:\\\/\\\/keglifonyod.hu\\\/wp-content\\\/uploads\\\/2024\\\/11\\\/kegli-logo.png\",\"contentUrl\":\"https:\\\/\\\/keglifonyod.hu\\\/wp-content\\\/uploads\\\/2024\\\/11\\\/kegli-logo.png\",\"width\":400,\"height\":400,\"caption\":\"K\u00e9gli Fony\u00f3d\"},\"image\":{\"@id\":\"https:\\\/\\\/keglifonyod.hu\\\/#\\\/schema\\\/logo\\\/image\\\/\"},\"sameAs\":[\"https:\\\/\\\/www.facebook.com\\\/keglifonyod\",\"https:\\\/\\\/www.instagram.com\\\/keglifonyod\\\/\"]}]}<\/script>\n<!-- \/ Yoast SEO plugin. -->","yoast_head_json":{"title":"Impresszum - K\u00e9gli Fony\u00f3d","robots":{"index":"noindex","follow":"nofollow"},"og_locale":"en_GB","og_type":"article","og_title":"Impresszum - K\u00e9gli Fony\u00f3d","og_description":"Impresszum C\u00e9gadatok C\u00e9g neve: Navem Consulting Kft. C\u00edm: 8640 Fony\u00f3d, F\u0151 utca 119.Ad\u00f3sz\u00e1m: 27925920-2-14 C\u00e9gjegyz\u00e9ksz\u00e1m: 14-09-317539 Telefon: +36 30 210 6649E-mail: keglifonyod@gmail.comWeb: www.keglifonyod.hu \u00a0 A weboldal \u00fczemeltet\u0151je C\u00e9g neve: Growth Craft Kft.Sz\u00e9khelye: 5121 J\u00e1sz\u00e1roksz\u00e1ll\u00e1s, T\u00e1ncsics Mih\u00e1ly utca 6.E-mail: hello@growthcraft.agencyWeb: www.growthcraft.agency \u00a0 A weboldal t\u00e1rhelyszolg\u00e1ltat\u00f3ja C\u00e9g neve: T\u00e1rhely.Eu Kft.C\u00edm: 1144 Budapest, Orm\u00e1ns\u00e1g u 4.Ad\u00f3sz\u00e1m: 14571332-2-42Telefon: +36 [&hellip;]","og_url":"https:\/\/keglifonyod.hu\/en\/imprint\/","og_site_name":"K\u00e9gli Fony\u00f3d","article_publisher":"https:\/\/www.facebook.com\/keglifonyod","article_modified_time":"2026-04-28T07:22:12+00:00","og_image":[{"width":1200,"height":675,"url":"https:\/\/keglifonyod.hu\/wp-content\/uploads\/2025\/08\/kegli-kiemelt-kep.jpg","type":"image\/jpeg"}],"twitter_card":"summary_large_image","twitter_misc":{"Estimated reading time":"1 minute"},"schema":{"@context":"https:\/\/schema.org","@graph":[{"@type":"WebPage","@id":"https:\/\/keglifonyod.hu\/impresszum\/","url":"https:\/\/keglifonyod.hu\/impresszum\/","name":"Impresszum - K\u00e9gli Fony\u00f3d","isPartOf":{"@id":"https:\/\/keglifonyod.hu\/#website"},"datePublished":"2024-11-15T11:21:18+00:00","dateModified":"2026-04-28T07:22:12+00:00","breadcrumb":{"@id":"https:\/\/keglifonyod.hu\/impresszum\/#breadcrumb"},"inLanguage":"en-GB","potentialAction":[{"@type":"ReadAction","target":["https:\/\/keglifonyod.hu\/impresszum\/"]}]},{"@type":"BreadcrumbList","@id":"https:\/\/keglifonyod.hu\/impresszum\/#breadcrumb","itemListElement":[{"@type":"ListItem","position":1,"name":"Kezd\u0151lap","item":"https:\/\/keglifonyod.hu\/"},{"@type":"ListItem","position":2,"name":"Impresszum"}]},{"@type":"WebSite","@id":"https:\/\/keglifonyod.hu\/#website","url":"https:\/\/keglifonyod.hu\/","name":"K\u00e9gli Fony\u00f3d","description":"Arrive and unwind","publisher":{"@id":"https:\/\/keglifonyod.hu\/#organization"},"potentialAction":[{"@type":"SearchAction","target":{"@type":"EntryPoint","urlTemplate":"https:\/\/keglifonyod.hu\/?s={search_term_string}"},"query-input":{"@type":"PropertyValueSpecification","valueRequired":true,"valueName":"search_term_string"}}],"inLanguage":"en-GB"},{"@type":"Organization","@id":"https:\/\/keglifonyod.hu\/#organization","name":"K\u00e9gli Fony\u00f3d","url":"https:\/\/keglifonyod.hu\/","logo":{"@type":"ImageObject","inLanguage":"en-GB","@id":"https:\/\/keglifonyod.hu\/#\/schema\/logo\/image\/","url":"https:\/\/keglifonyod.hu\/wp-content\/uploads\/2024\/11\/kegli-logo.png","contentUrl":"https:\/\/keglifonyod.hu\/wp-content\/uploads\/2024\/11\/kegli-logo.png","width":400,"height":400,"caption":"K\u00e9gli Fony\u00f3d"},"image":{"@id":"https:\/\/keglifonyod.hu\/#\/schema\/logo\/image\/"},"sameAs":["https:\/\/www.facebook.com\/keglifonyod","https:\/\/www.instagram.com\/keglifonyod\/"]}]}},"_links":{"self":[{"href":"https:\/\/keglifonyod.hu\/en\/wp-json\/wp\/v2\/pages\/18","targetHints":{"allow":["GET"]}}],"collection":[{"href":"https:\/\/keglifonyod.hu\/en\/wp-json\/wp\/v2\/pages"}],"about":[{"href":"https:\/\/keglifonyod.hu\/en\/wp-json\/wp\/v2\/types\/page"}],"author":[{"embeddable":true,"href":"https:\/\/keglifonyod.hu\/en\/wp-json\/wp\/v2\/users\/1"}],"replies":[{"embeddable":true,"href":"https:\/\/keglifonyod.hu\/en\/wp-json\/wp\/v2\/comments?post=18"}],"version-history":[{"count":16,"href":"https:\/\/keglifonyod.hu\/en\/wp-json\/wp\/v2\/pages\/18\/revisions"}],"predecessor-version":[{"id":3331,"href":"https:\/\/keglifonyod.hu\/en\/wp-json\/wp\/v2\/pages\/18\/revisions\/3331"}],"wp:attachment":[{"href":"https:\/\/keglifonyod.hu\/en\/wp-json\/wp\/v2\/media?parent=18"}],"curies":[{"name":"wp","href":"https:\/\/api.w.org\/{rel}","templated":true}]}}