{"id":1033,"date":"2024-12-06T15:21:02","date_gmt":"2024-12-06T14:21:02","guid":{"rendered":"https:\/\/keglifonyod.hu\/?page_id=1033"},"modified":"2025-09-15T13:40:22","modified_gmt":"2025-09-15T11:40:22","slug":"cookies-policy","status":"publish","type":"page","link":"https:\/\/keglifonyod.hu\/en\/suti-szabalyzat\/","title":{"rendered":"Cookies Policy"},"content":{"rendered":"<div data-elementor-type=\"wp-page\" data-elementor-id=\"1033\" class=\"elementor elementor-1033\" data-elementor-post-type=\"page\">\n\t\t\t\t<div class=\"elementor-element elementor-element-dc9c3f0 e-flex e-con-boxed e-con e-parent\" data-id=\"dc9c3f0\" data-element_type=\"container\" data-e-type=\"container\" data-settings=\"{&quot;background_background&quot;:&quot;classic&quot;,&quot;shape_divider_bottom&quot;:&quot;wave-brush&quot;}\">\n\t\t\t\t\t<div class=\"e-con-inner\">\n\t\t\t\t<div class=\"elementor-shape elementor-shape-bottom\" aria-hidden=\"true\" data-negative=\"false\">\n\t\t\t<svg xmlns=\"http:\/\/www.w3.org\/2000\/svg\" viewbox=\"0 0 283.5 27.8\" preserveaspectratio=\"none\">\n\t<path class=\"elementor-shape-fill\" d=\"M283.5,9.7c0,0-7.3,4.3-14,4.6c-6.8,0.3-12.6,0-20.9-1.5c-11.3-2-33.1-10.1-44.7-5.7\ts-12.1,4.6-18,7.4c-6.6,3.2-20,9.6-36.6,9.3C131.6,23.5,99.5,7.2,86.3,8c-1.4,0.1-6.6,0.8-10.5,2c-3.8,1.2-9.4,3.8-17,4.7\tc-3.2,0.4-8.3,1.1-14.2,0.9c-1.5-0.1-6.3-0.4-12-1.6c-5.7-1.2-11-3.1-15.8-3.7C6.5,9.2,0,10.8,0,10.8V0h283.5V9.7z M260.8,11.3\tc-0.7-1-2-0.4-4.3-0.4c-2.3,0-6.1-1.2-5.8-1.1c0.3,0.1,3.1,1.5,6,1.9C259.7,12.2,261.4,12.3,260.8,11.3z M242.4,8.6\tc0,0-2.4-0.2-5.6-0.9c-3.2-0.8-10.3-2.8-15.1-3.5c-8.2-1.1-15.8,0-15.1,0.1c0.8,0.1,9.6-0.6,17.6,1.1c3.3,0.7,9.3,2.2,12.4,2.7\tC239.9,8.7,242.4,8.6,242.4,8.6z M185.2,8.5c1.7-0.7-13.3,4.7-18.5,6.1c-2.1,0.6-6.2,1.6-10,2c-3.9,0.4-8.9,0.4-8.8,0.5\tc0,0.2,5.8,0.8,11.2,0c5.4-0.8,5.2-1.1,7.6-1.6C170.5,14.7,183.5,9.2,185.2,8.5z M199.1,6.9c0.2,0-0.8-0.4-4.8,1.1\tc-4,1.5-6.7,3.5-6.9,3.7c-0.2,0.1,3.5-1.8,6.6-3C197,7.5,199,6.9,199.1,6.9z M283,6c-0.1,0.1-1.9,1.1-4.8,2.5s-6.9,2.8-6.7,2.7\tc0.2,0,3.5-0.6,7.4-2.5C282.8,6.8,283.1,5.9,283,6z M31.3,11.6c0.1-0.2-1.9-0.2-4.5-1.2s-5.4-1.6-7.8-2C15,7.6,7.3,8.5,7.7,8.6\tC8,8.7,15.9,8.3,20.2,9.3c2.2,0.5,2.4,0.5,5.7,1.6S31.2,11.9,31.3,11.6z M73,9.2c0.4-0.1,3.5-1.6,8.4-2.6c4.9-1.1,8.9-0.5,8.9-0.8\tc0-0.3-1-0.9-6.2-0.3S72.6,9.3,73,9.2z M71.6,6.7C71.8,6.8,75,5.4,77.3,5c2.3-0.3,1.9-0.5,1.9-0.6c0-0.1-1.1-0.2-2.7,0.2\tC74.8,5.1,71.4,6.6,71.6,6.7z M93.6,4.4c0.1,0.2,3.5,0.8,5.6,1.8c2.1,1,1.8,0.6,1.9,0.5c0.1-0.1-0.8-0.8-2.4-1.3\tC97.1,4.8,93.5,4.2,93.6,4.4z M65.4,11.1c-0.1,0.3,0.3,0.5,1.9-0.2s2.6-1.3,2.2-1.2s-0.9,0.4-2.5,0.8C65.3,10.9,65.5,10.8,65.4,11.1\tz M34.5,12.4c-0.2,0,2.1,0.8,3.3,0.9c1.2,0.1,2,0.1,2-0.2c0-0.3-0.1-0.5-1.6-0.4C36.6,12.8,34.7,12.4,34.5,12.4z M152.2,21.1\tc-0.1,0.1-2.4-0.3-7.5-0.3c-5,0-13.6-2.4-17.2-3.5c-3.6-1.1,10,3.9,16.5,4.1C150.5,21.6,152.3,21,152.2,21.1z\"\/>\n\t<path class=\"elementor-shape-fill\" d=\"M269.6,18c-0.1-0.1-4.6,0.3-7.2,0c-7.3-0.7-17-3.2-16.6-2.9c0.4,0.3,13.7,3.1,17,3.3\tC267.7,18.8,269.7,18,269.6,18z\"\/>\n\t<path class=\"elementor-shape-fill\" d=\"M227.4,9.8c-0.2-0.1-4.5-1-9.5-1.2c-5-0.2-12.7,0.6-12.3,0.5c0.3-0.1,5.9-1.8,13.3-1.2\tS227.6,9.9,227.4,9.8z\"\/>\n\t<path class=\"elementor-shape-fill\" d=\"M204.5,13.4c-0.1-0.1,2-1,3.2-1.1c1.2-0.1,2,0,2,0.3c0,0.3-0.1,0.5-1.6,0.4\tC206.4,12.9,204.6,13.5,204.5,13.4z\"\/>\n\t<path class=\"elementor-shape-fill\" d=\"M201,10.6c0-0.1-4.4,1.2-6.3,2.2c-1.9,0.9-6.2,3.1-6.1,3.1c0.1,0.1,4.2-1.6,6.3-2.6\tS201,10.7,201,10.6z\"\/>\n\t<path class=\"elementor-shape-fill\" d=\"M154.5,26.7c-0.1-0.1-4.6,0.3-7.2,0c-7.3-0.7-17-3.2-16.6-2.9c0.4,0.3,13.7,3.1,17,3.3\tC152.6,27.5,154.6,26.8,154.5,26.7z\"\/>\n\t<path class=\"elementor-shape-fill\" d=\"M41.9,19.3c0,0,1.2-0.3,2.9-0.1c1.7,0.2,5.8,0.9,8.2,0.7c4.2-0.4,7.4-2.7,7-2.6\tc-0.4,0-4.3,2.2-8.6,1.9c-1.8-0.1-5.1-0.5-6.7-0.4S41.9,19.3,41.9,19.3z\"\/>\n\t<path class=\"elementor-shape-fill\" d=\"M75.5,12.6c0.2,0.1,2-0.8,4.3-1.1c2.3-0.2,2.1-0.3,2.1-0.5c0-0.1-1.8-0.4-3.4,0\tC76.9,11.5,75.3,12.5,75.5,12.6z\"\/>\n\t<path class=\"elementor-shape-fill\" d=\"M15.6,13.2c0-0.1,4.3,0,6.7,0.5c2.4,0.5,5,1.9,5,2c0,0.1-2.7-0.8-5.1-1.4\tC19.9,13.7,15.7,13.3,15.6,13.2z\"\/>\n<\/svg>\t\t<\/div>\n\t\t\t\t<div class=\"elementor-element elementor-element-5c042b4 elementor-widget elementor-widget-heading\" data-id=\"5c042b4\" data-element_type=\"widget\" data-e-type=\"widget\" data-widget_type=\"heading.default\">\n\t\t\t\t<div class=\"elementor-widget-container\">\n\t\t\t\t\t<h2 class=\"elementor-heading-title elementor-size-default\">Cookies Policy<\/h2>\t\t\t\t<\/div>\n\t\t\t\t<\/div>\n\t\t\t\t\t<\/div>\n\t\t\t\t<\/div>\n\t\t<div class=\"elementor-element elementor-element-6b88bb4 e-flex e-con-boxed e-con e-parent\" data-id=\"6b88bb4\" data-element_type=\"container\" data-e-type=\"container\">\n\t\t\t\t\t<div class=\"e-con-inner\">\n\t\t<div class=\"elementor-element elementor-element-3da62d8 e-con-full e-flex e-con e-child\" data-id=\"3da62d8\" data-element_type=\"container\" data-e-type=\"container\">\n\t\t\t\t<div class=\"elementor-element elementor-element-91e7d38 elementor-widget elementor-widget-text-editor\" data-id=\"91e7d38\" data-element_type=\"widget\" data-e-type=\"widget\" data-widget_type=\"text-editor.default\">\n\t\t\t\t<div class=\"elementor-widget-container\">\n\t\t\t\t\t\t\t\t\t<p>At <a href=\"https:\/\/keglifonyod.hu\/en\/\" target=\"_blank\" rel=\"noopener\">www.keglifonyod.hu<\/a> the protection of your personal data and privacy is of utmost importance to us. Below, we provide detailed information on the handling of personal and non-personal data.<br \/><br \/>A detailed privacy policy regarding data handling can be found at the following link: <a href=\"https:\/\/keglifonyod.hu\/en\/privacy-policy\/\" target=\"_blank\" rel=\"noopener\">Privacy Policy<\/a><br \/><br \/>As the data controller, <strong>Navem Consulting Kft.<\/strong>is authorized to use personal and anonymous data within the limits allowed by law, while taking into account the rights of the data subjects outlined below.<\/p><h3>\u00a0<\/h3><h3>Data Collection and Analysis<\/h3><p>This website uses software to analyze the usage of the site. The data collected helps us to understand user needs and continuously improve our services. The following data is stored anonymously:<\/p><ul><li>The anonymized IP address<\/li><li>The date and time of access<\/li><li>The name of the viewed page or file<\/li><li>The referring website URL<\/li><li>The browser used by the user and its version<\/li><li>The operating system used by the user<\/li><\/ul><h3>\u00a0<\/h3><h3>Use of Cookies<\/h3><p>Cookies are small text files that your browser downloads when you first visit the website and sends them back during subsequent visits. These cookies help the website recognize you, make the use easier, and provide personalized offers.<\/p><h4>1. Cookies Not Requiring Consent<\/h4><p>These cookies are essential for the website's operation, such as:<\/p><ul><li>Enabling login functionality<\/li><li>Ensuring secure data transmission (e.g., using HTTPS protocol)<br \/>These cookies are only stored during the browsing session and do not require the user's explicit consent.<\/li><\/ul><h4>2. First-Party Cookies Requiring Consent<\/h4><p>These cookies improve the comfort of using the website, such as:<\/p><ul><li>Pre-filling forms<\/li><li>Remembering language settings<br \/>The use of these cookies requires the user\u2019s consent.<\/li><\/ul><h4>3. Third-Party Cookies<\/h4><p>The website may integrate content from third-party service providers (e.g., Google Analytics, Facebook Pixel). These providers may place their own cookies to collect data on user interactions. For further details, please refer to the privacy policies of the respective service providers.<\/p><h3>\u00a0<\/h3><h3>Cookie Management and Settings<\/h3><p>The use of cookies can be controlled in your browser. Browsers allow you to delete or block cookies. Please note that blocking cookies may affect the full functionality of the website.<br \/><br \/>Detailed instructions for modifying browser settings can be found at the following links:<\/p><ul><li><a href=\"https:\/\/support.google.com\/chrome\/answer\/95647\" target=\"_blank\" rel=\"noopener\">Google Chrome<\/a><\/li><li><a href=\"https:\/\/support.mozilla.org\/hu\/kb\/sutik-informacio-amelyet-weboldalak-tarolnak-szami\" target=\"_blank\" rel=\"noopener\">Mozilla Firefox<\/a><\/li><li><a href=\"https:\/\/support.apple.com\/kb\/ph21411?locale=hu_HU\" target=\"_blank\" rel=\"noopener\">Safari<\/a><\/li><\/ul><h3>\u00a0<\/h3><h3>Applied Tracking Technologies and Partners<\/h3><p><strong>1. Google Analytics<\/strong><br \/>We use Google Analytics to measure and analyze website traffic. Google Analytics cookies collect anonymized data (e.g., number of visitors, pages viewed). More information: <a href=\"https:\/\/policies.google.com\/\" target=\"_blank\" rel=\"noopener\">Google Privacy Policy.<\/a><\/p><p><strong>2. Facebook Pixel<\/strong><br \/>With Facebook Pixel, we can make our advertisements more targeted. The data collected by Facebook is handled anonymously. More information: <a href=\"https:\/\/www.facebook.com\/privacy\/policy\/?entry_point=data_policy_redirect&amp;entry=0\" target=\"_blank\" rel=\"noopener\">Facebook Privacy Policy.<\/a><\/p><p><strong>3. YouTube<\/strong><br \/>YouTube cookies may be used through embedded videos. For further information on data handling, please refer to the <a href=\"https:\/\/policies.google.com\/\" target=\"_blank\" rel=\"noopener\">Google Privacy Policy.<\/a> tal\u00e1lhat\u00f3.<\/p><h3>\u00a0<\/h3><h3>Social Media Plugins<\/h3><p>The site uses social media plugins (e.g., Facebook, Instagram). These plugins are inactive until the user activates them. Once activated, the social networks may collect data and associate it with the user\u2019s profile. For information on the data collection process, please refer to the respective social network\u2019s policies.<\/p><h3>\u00a0<\/h3><h3>Further Information and Rights<\/h3><p>Detailed information about the website's data handling practices and the rights of data subjects can be found in the <a href=\"https:\/\/keglifonyod.hu\/en\/privacy-policy\/\" target=\"_blank\" rel=\"noopener\">Privacy Policy<\/a> section.<\/p>\t\t\t\t\t\t\t\t<\/div>\n\t\t\t\t<\/div>\n\t\t\t\t<div class=\"elementor-element elementor-element-f1f1d7c elementor-widget elementor-widget-html\" data-id=\"f1f1d7c\" data-element_type=\"widget\" data-e-type=\"widget\" data-widget_type=\"html.default\">\n\t\t\t\t<div class=\"elementor-widget-container\">\n\t\t\t\t\t<style>\r\n    a.cky-banner-element {\r\n        padding: 8px 30px;\r\n        background: #F8F9FA;\r\n        color: #858A8F;\r\n        border: 1px solid #DEE2E6;\r\n        box-sizing: border-box;\r\n        border-radius: 2px;\r\n        cursor: pointer;\r\n}\r\n<\/style>\r\n\r\n\r\n\r\n&nbsp;\r\n    <h5>What cookies do we use?<\/h5>\r\n\r\n    <div class=\"cky-audit-table-element\"><\/div>\r\n\r\n&nbsp;\r\n    <h5 style=\"margin-bottom:20px;\">Managing your cookie settings<\/h5>\r\n\r\n    <a class=\"cky-banner-element\">Cookie settings<\/a> <br\/>\r\n\r\n    <div><p>You can change your cookie settings at any time by clicking on the button above. This will allow you to revisit the cookie consent banner and change your preferences or withdraw your consent immediately. <\/p> \r\n\r\n<\/p>\t\t\t\t<\/div>\n\t\t\t\t<\/div>\n\t\t\t\t<\/div>\n\t\t\t\t\t<\/div>\n\t\t\t\t<\/div>\n\t\t\t\t<\/div>","protected":false},"excerpt":{"rendered":"<p>S\u00fcti szab\u00e1lyzat &#8211; Cookies A www.keglifonyod.hu honlap haszn\u00e1lata sor\u00e1n az \u00d6n adatainak \u00e9s mag\u00e1nszf\u00e9r\u00e1j\u00e1nak v\u00e9delme kiemelten fontos sz\u00e1munkra. Az al\u00e1bbiakban r\u00e9szletes t\u00e1j\u00e9koztat\u00e1st ny\u00fajtunk a szem\u00e9lyes \u00e9s nem szem\u00e9lyes adatok kezel\u00e9s\u00e9r\u0151l. Az adatkezel\u00e9ssel kapcsolatos r\u00e9szletes t\u00e1j\u00e9koztat\u00f3nk az al\u00e1bbi linken \u00e9rhet\u0151 el: Adatv\u00e9delmi t\u00e1j\u00e9koztat\u00f3 Az Navem Consulting Kft., mint adatkezel\u0151, a t\u00f6rv\u00e9ny \u00e1ltal megengedett m\u00e9rt\u00e9kben jogosult a [&hellip;]<\/p>\n","protected":false},"author":1,"featured_media":0,"parent":0,"menu_order":0,"comment_status":"closed","ping_status":"closed","template":"","meta":{"footnotes":""},"class_list":["post-1033","page","type-page","status-publish","hentry"],"yoast_head":"<!-- This site is optimized with the Yoast SEO plugin v27.3 - https:\/\/yoast.com\/product\/yoast-seo-wordpress\/ -->\n<title>S\u00fcti szab\u00e1lyzat - K\u00e9gli Fony\u00f3d<\/title>\n<meta name=\"robots\" content=\"noindex, nofollow\" \/>\n<meta property=\"og:locale\" content=\"en_GB\" \/>\n<meta property=\"og:type\" content=\"article\" \/>\n<meta property=\"og:title\" content=\"S\u00fcti szab\u00e1lyzat - K\u00e9gli Fony\u00f3d\" \/>\n<meta property=\"og:description\" content=\"S\u00fcti szab\u00e1lyzat &#8211; Cookies A www.keglifonyod.hu honlap haszn\u00e1lata sor\u00e1n az \u00d6n adatainak \u00e9s mag\u00e1nszf\u00e9r\u00e1j\u00e1nak v\u00e9delme kiemelten fontos sz\u00e1munkra. Az al\u00e1bbiakban r\u00e9szletes t\u00e1j\u00e9koztat\u00e1st ny\u00fajtunk a szem\u00e9lyes \u00e9s nem szem\u00e9lyes adatok kezel\u00e9s\u00e9r\u0151l. Az adatkezel\u00e9ssel kapcsolatos r\u00e9szletes t\u00e1j\u00e9koztat\u00f3nk az al\u00e1bbi linken \u00e9rhet\u0151 el: Adatv\u00e9delmi t\u00e1j\u00e9koztat\u00f3 Az Navem Consulting Kft., mint adatkezel\u0151, a t\u00f6rv\u00e9ny \u00e1ltal megengedett m\u00e9rt\u00e9kben jogosult a [&hellip;]\" \/>\n<meta property=\"og:url\" content=\"https:\/\/keglifonyod.hu\/en\/cookies-policy\/\" \/>\n<meta property=\"og:site_name\" content=\"K\u00e9gli Fony\u00f3d\" \/>\n<meta property=\"article:publisher\" content=\"https:\/\/www.facebook.com\/keglifonyod\" \/>\n<meta property=\"article:modified_time\" content=\"2025-09-15T11:40:22+00:00\" \/>\n<meta property=\"og:image\" content=\"https:\/\/keglifonyod.hu\/wp-content\/uploads\/2025\/08\/kegli-kiemelt-kep.jpg\" \/>\n\t<meta property=\"og:image:width\" content=\"1200\" \/>\n\t<meta property=\"og:image:height\" content=\"675\" \/>\n\t<meta property=\"og:image:type\" content=\"image\/jpeg\" \/>\n<meta name=\"twitter:card\" content=\"summary_large_image\" \/>\n<meta name=\"twitter:label1\" content=\"Estimated reading time\" \/>\n\t<meta name=\"twitter:data1\" content=\"3 minutes\" \/>\n<script type=\"application\/ld+json\" class=\"yoast-schema-graph\">{\"@context\":\"https:\\\/\\\/schema.org\",\"@graph\":[{\"@type\":\"WebPage\",\"@id\":\"https:\\\/\\\/keglifonyod.hu\\\/suti-szabalyzat\\\/\",\"url\":\"https:\\\/\\\/keglifonyod.hu\\\/suti-szabalyzat\\\/\",\"name\":\"S\u00fcti szab\u00e1lyzat - K\u00e9gli Fony\u00f3d\",\"isPartOf\":{\"@id\":\"https:\\\/\\\/keglifonyod.hu\\\/#website\"},\"datePublished\":\"2024-12-06T14:21:02+00:00\",\"dateModified\":\"2025-09-15T11:40:22+00:00\",\"breadcrumb\":{\"@id\":\"https:\\\/\\\/keglifonyod.hu\\\/suti-szabalyzat\\\/#breadcrumb\"},\"inLanguage\":\"en-GB\",\"potentialAction\":[{\"@type\":\"ReadAction\",\"target\":[\"https:\\\/\\\/keglifonyod.hu\\\/suti-szabalyzat\\\/\"]}]},{\"@type\":\"BreadcrumbList\",\"@id\":\"https:\\\/\\\/keglifonyod.hu\\\/suti-szabalyzat\\\/#breadcrumb\",\"itemListElement\":[{\"@type\":\"ListItem\",\"position\":1,\"name\":\"Kezd\u0151lap\",\"item\":\"https:\\\/\\\/keglifonyod.hu\\\/\"},{\"@type\":\"ListItem\",\"position\":2,\"name\":\"S\u00fcti szab\u00e1lyzat\"}]},{\"@type\":\"WebSite\",\"@id\":\"https:\\\/\\\/keglifonyod.hu\\\/#website\",\"url\":\"https:\\\/\\\/keglifonyod.hu\\\/\",\"name\":\"K\u00e9gli Fony\u00f3d\",\"description\":\"Ahov\u00e1 csak meg\u00e9rkezned kell\",\"publisher\":{\"@id\":\"https:\\\/\\\/keglifonyod.hu\\\/#organization\"},\"potentialAction\":[{\"@type\":\"SearchAction\",\"target\":{\"@type\":\"EntryPoint\",\"urlTemplate\":\"https:\\\/\\\/keglifonyod.hu\\\/?s={search_term_string}\"},\"query-input\":{\"@type\":\"PropertyValueSpecification\",\"valueRequired\":true,\"valueName\":\"search_term_string\"}}],\"inLanguage\":\"en-GB\"},{\"@type\":\"Organization\",\"@id\":\"https:\\\/\\\/keglifonyod.hu\\\/#organization\",\"name\":\"K\u00e9gli Fony\u00f3d\",\"url\":\"https:\\\/\\\/keglifonyod.hu\\\/\",\"logo\":{\"@type\":\"ImageObject\",\"inLanguage\":\"en-GB\",\"@id\":\"https:\\\/\\\/keglifonyod.hu\\\/#\\\/schema\\\/logo\\\/image\\\/\",\"url\":\"https:\\\/\\\/keglifonyod.hu\\\/wp-content\\\/uploads\\\/2024\\\/11\\\/kegli-logo.png\",\"contentUrl\":\"https:\\\/\\\/keglifonyod.hu\\\/wp-content\\\/uploads\\\/2024\\\/11\\\/kegli-logo.png\",\"width\":400,\"height\":400,\"caption\":\"K\u00e9gli Fony\u00f3d\"},\"image\":{\"@id\":\"https:\\\/\\\/keglifonyod.hu\\\/#\\\/schema\\\/logo\\\/image\\\/\"},\"sameAs\":[\"https:\\\/\\\/www.facebook.com\\\/keglifonyod\",\"https:\\\/\\\/www.instagram.com\\\/keglifonyod\\\/\"]}]}<\/script>\n<!-- \/ Yoast SEO plugin. -->","yoast_head_json":{"title":"S\u00fcti szab\u00e1lyzat - K\u00e9gli Fony\u00f3d","robots":{"index":"noindex","follow":"nofollow"},"og_locale":"en_GB","og_type":"article","og_title":"S\u00fcti szab\u00e1lyzat - K\u00e9gli Fony\u00f3d","og_description":"S\u00fcti szab\u00e1lyzat &#8211; Cookies A www.keglifonyod.hu honlap haszn\u00e1lata sor\u00e1n az \u00d6n adatainak \u00e9s mag\u00e1nszf\u00e9r\u00e1j\u00e1nak v\u00e9delme kiemelten fontos sz\u00e1munkra. Az al\u00e1bbiakban r\u00e9szletes t\u00e1j\u00e9koztat\u00e1st ny\u00fajtunk a szem\u00e9lyes \u00e9s nem szem\u00e9lyes adatok kezel\u00e9s\u00e9r\u0151l. Az adatkezel\u00e9ssel kapcsolatos r\u00e9szletes t\u00e1j\u00e9koztat\u00f3nk az al\u00e1bbi linken \u00e9rhet\u0151 el: Adatv\u00e9delmi t\u00e1j\u00e9koztat\u00f3 Az Navem Consulting Kft., mint adatkezel\u0151, a t\u00f6rv\u00e9ny \u00e1ltal megengedett m\u00e9rt\u00e9kben jogosult a [&hellip;]","og_url":"https:\/\/keglifonyod.hu\/en\/cookies-policy\/","og_site_name":"K\u00e9gli Fony\u00f3d","article_publisher":"https:\/\/www.facebook.com\/keglifonyod","article_modified_time":"2025-09-15T11:40:22+00:00","og_image":[{"width":1200,"height":675,"url":"https:\/\/keglifonyod.hu\/wp-content\/uploads\/2025\/08\/kegli-kiemelt-kep.jpg","type":"image\/jpeg"}],"twitter_card":"summary_large_image","twitter_misc":{"Estimated reading time":"3 minutes"},"schema":{"@context":"https:\/\/schema.org","@graph":[{"@type":"WebPage","@id":"https:\/\/keglifonyod.hu\/suti-szabalyzat\/","url":"https:\/\/keglifonyod.hu\/suti-szabalyzat\/","name":"S\u00fcti szab\u00e1lyzat - K\u00e9gli Fony\u00f3d","isPartOf":{"@id":"https:\/\/keglifonyod.hu\/#website"},"datePublished":"2024-12-06T14:21:02+00:00","dateModified":"2025-09-15T11:40:22+00:00","breadcrumb":{"@id":"https:\/\/keglifonyod.hu\/suti-szabalyzat\/#breadcrumb"},"inLanguage":"en-GB","potentialAction":[{"@type":"ReadAction","target":["https:\/\/keglifonyod.hu\/suti-szabalyzat\/"]}]},{"@type":"BreadcrumbList","@id":"https:\/\/keglifonyod.hu\/suti-szabalyzat\/#breadcrumb","itemListElement":[{"@type":"ListItem","position":1,"name":"Kezd\u0151lap","item":"https:\/\/keglifonyod.hu\/"},{"@type":"ListItem","position":2,"name":"S\u00fcti szab\u00e1lyzat"}]},{"@type":"WebSite","@id":"https:\/\/keglifonyod.hu\/#website","url":"https:\/\/keglifonyod.hu\/","name":"K\u00e9gli Fony\u00f3d","description":"Arrive and unwind","publisher":{"@id":"https:\/\/keglifonyod.hu\/#organization"},"potentialAction":[{"@type":"SearchAction","target":{"@type":"EntryPoint","urlTemplate":"https:\/\/keglifonyod.hu\/?s={search_term_string}"},"query-input":{"@type":"PropertyValueSpecification","valueRequired":true,"valueName":"search_term_string"}}],"inLanguage":"en-GB"},{"@type":"Organization","@id":"https:\/\/keglifonyod.hu\/#organization","name":"K\u00e9gli Fony\u00f3d","url":"https:\/\/keglifonyod.hu\/","logo":{"@type":"ImageObject","inLanguage":"en-GB","@id":"https:\/\/keglifonyod.hu\/#\/schema\/logo\/image\/","url":"https:\/\/keglifonyod.hu\/wp-content\/uploads\/2024\/11\/kegli-logo.png","contentUrl":"https:\/\/keglifonyod.hu\/wp-content\/uploads\/2024\/11\/kegli-logo.png","width":400,"height":400,"caption":"K\u00e9gli Fony\u00f3d"},"image":{"@id":"https:\/\/keglifonyod.hu\/#\/schema\/logo\/image\/"},"sameAs":["https:\/\/www.facebook.com\/keglifonyod","https:\/\/www.instagram.com\/keglifonyod\/"]}]}},"_links":{"self":[{"href":"https:\/\/keglifonyod.hu\/en\/wp-json\/wp\/v2\/pages\/1033","targetHints":{"allow":["GET"]}}],"collection":[{"href":"https:\/\/keglifonyod.hu\/en\/wp-json\/wp\/v2\/pages"}],"about":[{"href":"https:\/\/keglifonyod.hu\/en\/wp-json\/wp\/v2\/types\/page"}],"author":[{"embeddable":true,"href":"https:\/\/keglifonyod.hu\/en\/wp-json\/wp\/v2\/users\/1"}],"replies":[{"embeddable":true,"href":"https:\/\/keglifonyod.hu\/en\/wp-json\/wp\/v2\/comments?post=1033"}],"version-history":[{"count":19,"href":"https:\/\/keglifonyod.hu\/en\/wp-json\/wp\/v2\/pages\/1033\/revisions"}],"predecessor-version":[{"id":2882,"href":"https:\/\/keglifonyod.hu\/en\/wp-json\/wp\/v2\/pages\/1033\/revisions\/2882"}],"wp:attachment":[{"href":"https:\/\/keglifonyod.hu\/en\/wp-json\/wp\/v2\/media?parent=1033"}],"curies":[{"name":"wp","href":"https:\/\/api.w.org\/{rel}","templated":true}]}}