{"id":102,"date":"2024-11-15T14:29:21","date_gmt":"2024-11-15T13:29:21","guid":{"rendered":"https:\/\/keglifonyod.hu\/adatvedelmi-tajekoztato-2\/"},"modified":"2026-04-28T09:21:00","modified_gmt":"2026-04-28T07:21:00","slug":"privacy-policy","status":"publish","type":"page","link":"https:\/\/keglifonyod.hu\/en\/adatvedelmi-tajekoztato\/","title":{"rendered":"Privacy Policy"},"content":{"rendered":"<div data-elementor-type=\"wp-page\" data-elementor-id=\"102\" class=\"elementor elementor-102\" data-elementor-post-type=\"page\">\n\t\t\t\t<div class=\"elementor-element elementor-element-e76d66d e-flex e-con-boxed e-con e-parent\" data-id=\"e76d66d\" data-element_type=\"container\" data-e-type=\"container\" data-settings=\"{&quot;background_background&quot;:&quot;classic&quot;,&quot;shape_divider_bottom&quot;:&quot;wave-brush&quot;}\">\n\t\t\t\t\t<div class=\"e-con-inner\">\n\t\t\t\t<div class=\"elementor-shape elementor-shape-bottom\" aria-hidden=\"true\" data-negative=\"false\">\n\t\t\t<svg xmlns=\"http:\/\/www.w3.org\/2000\/svg\" viewbox=\"0 0 283.5 27.8\" preserveaspectratio=\"none\">\n\t<path class=\"elementor-shape-fill\" d=\"M283.5,9.7c0,0-7.3,4.3-14,4.6c-6.8,0.3-12.6,0-20.9-1.5c-11.3-2-33.1-10.1-44.7-5.7\ts-12.1,4.6-18,7.4c-6.6,3.2-20,9.6-36.6,9.3C131.6,23.5,99.5,7.2,86.3,8c-1.4,0.1-6.6,0.8-10.5,2c-3.8,1.2-9.4,3.8-17,4.7\tc-3.2,0.4-8.3,1.1-14.2,0.9c-1.5-0.1-6.3-0.4-12-1.6c-5.7-1.2-11-3.1-15.8-3.7C6.5,9.2,0,10.8,0,10.8V0h283.5V9.7z M260.8,11.3\tc-0.7-1-2-0.4-4.3-0.4c-2.3,0-6.1-1.2-5.8-1.1c0.3,0.1,3.1,1.5,6,1.9C259.7,12.2,261.4,12.3,260.8,11.3z M242.4,8.6\tc0,0-2.4-0.2-5.6-0.9c-3.2-0.8-10.3-2.8-15.1-3.5c-8.2-1.1-15.8,0-15.1,0.1c0.8,0.1,9.6-0.6,17.6,1.1c3.3,0.7,9.3,2.2,12.4,2.7\tC239.9,8.7,242.4,8.6,242.4,8.6z M185.2,8.5c1.7-0.7-13.3,4.7-18.5,6.1c-2.1,0.6-6.2,1.6-10,2c-3.9,0.4-8.9,0.4-8.8,0.5\tc0,0.2,5.8,0.8,11.2,0c5.4-0.8,5.2-1.1,7.6-1.6C170.5,14.7,183.5,9.2,185.2,8.5z M199.1,6.9c0.2,0-0.8-0.4-4.8,1.1\tc-4,1.5-6.7,3.5-6.9,3.7c-0.2,0.1,3.5-1.8,6.6-3C197,7.5,199,6.9,199.1,6.9z M283,6c-0.1,0.1-1.9,1.1-4.8,2.5s-6.9,2.8-6.7,2.7\tc0.2,0,3.5-0.6,7.4-2.5C282.8,6.8,283.1,5.9,283,6z M31.3,11.6c0.1-0.2-1.9-0.2-4.5-1.2s-5.4-1.6-7.8-2C15,7.6,7.3,8.5,7.7,8.6\tC8,8.7,15.9,8.3,20.2,9.3c2.2,0.5,2.4,0.5,5.7,1.6S31.2,11.9,31.3,11.6z M73,9.2c0.4-0.1,3.5-1.6,8.4-2.6c4.9-1.1,8.9-0.5,8.9-0.8\tc0-0.3-1-0.9-6.2-0.3S72.6,9.3,73,9.2z M71.6,6.7C71.8,6.8,75,5.4,77.3,5c2.3-0.3,1.9-0.5,1.9-0.6c0-0.1-1.1-0.2-2.7,0.2\tC74.8,5.1,71.4,6.6,71.6,6.7z M93.6,4.4c0.1,0.2,3.5,0.8,5.6,1.8c2.1,1,1.8,0.6,1.9,0.5c0.1-0.1-0.8-0.8-2.4-1.3\tC97.1,4.8,93.5,4.2,93.6,4.4z M65.4,11.1c-0.1,0.3,0.3,0.5,1.9-0.2s2.6-1.3,2.2-1.2s-0.9,0.4-2.5,0.8C65.3,10.9,65.5,10.8,65.4,11.1\tz M34.5,12.4c-0.2,0,2.1,0.8,3.3,0.9c1.2,0.1,2,0.1,2-0.2c0-0.3-0.1-0.5-1.6-0.4C36.6,12.8,34.7,12.4,34.5,12.4z M152.2,21.1\tc-0.1,0.1-2.4-0.3-7.5-0.3c-5,0-13.6-2.4-17.2-3.5c-3.6-1.1,10,3.9,16.5,4.1C150.5,21.6,152.3,21,152.2,21.1z\"\/>\n\t<path class=\"elementor-shape-fill\" d=\"M269.6,18c-0.1-0.1-4.6,0.3-7.2,0c-7.3-0.7-17-3.2-16.6-2.9c0.4,0.3,13.7,3.1,17,3.3\tC267.7,18.8,269.7,18,269.6,18z\"\/>\n\t<path class=\"elementor-shape-fill\" d=\"M227.4,9.8c-0.2-0.1-4.5-1-9.5-1.2c-5-0.2-12.7,0.6-12.3,0.5c0.3-0.1,5.9-1.8,13.3-1.2\tS227.6,9.9,227.4,9.8z\"\/>\n\t<path class=\"elementor-shape-fill\" d=\"M204.5,13.4c-0.1-0.1,2-1,3.2-1.1c1.2-0.1,2,0,2,0.3c0,0.3-0.1,0.5-1.6,0.4\tC206.4,12.9,204.6,13.5,204.5,13.4z\"\/>\n\t<path class=\"elementor-shape-fill\" d=\"M201,10.6c0-0.1-4.4,1.2-6.3,2.2c-1.9,0.9-6.2,3.1-6.1,3.1c0.1,0.1,4.2-1.6,6.3-2.6\tS201,10.7,201,10.6z\"\/>\n\t<path class=\"elementor-shape-fill\" d=\"M154.5,26.7c-0.1-0.1-4.6,0.3-7.2,0c-7.3-0.7-17-3.2-16.6-2.9c0.4,0.3,13.7,3.1,17,3.3\tC152.6,27.5,154.6,26.8,154.5,26.7z\"\/>\n\t<path class=\"elementor-shape-fill\" d=\"M41.9,19.3c0,0,1.2-0.3,2.9-0.1c1.7,0.2,5.8,0.9,8.2,0.7c4.2-0.4,7.4-2.7,7-2.6\tc-0.4,0-4.3,2.2-8.6,1.9c-1.8-0.1-5.1-0.5-6.7-0.4S41.9,19.3,41.9,19.3z\"\/>\n\t<path class=\"elementor-shape-fill\" d=\"M75.5,12.6c0.2,0.1,2-0.8,4.3-1.1c2.3-0.2,2.1-0.3,2.1-0.5c0-0.1-1.8-0.4-3.4,0\tC76.9,11.5,75.3,12.5,75.5,12.6z\"\/>\n\t<path class=\"elementor-shape-fill\" d=\"M15.6,13.2c0-0.1,4.3,0,6.7,0.5c2.4,0.5,5,1.9,5,2c0,0.1-2.7-0.8-5.1-1.4\tC19.9,13.7,15.7,13.3,15.6,13.2z\"\/>\n<\/svg>\t\t<\/div>\n\t\t\t\t<div class=\"elementor-element elementor-element-6754d6b elementor-widget elementor-widget-heading\" data-id=\"6754d6b\" data-element_type=\"widget\" data-e-type=\"widget\" data-widget_type=\"heading.default\">\n\t\t\t\t<div class=\"elementor-widget-container\">\n\t\t\t\t\t<h2 class=\"elementor-heading-title elementor-size-default\">Privacy Policy<\/h2>\t\t\t\t<\/div>\n\t\t\t\t<\/div>\n\t\t\t\t\t<\/div>\n\t\t\t\t<\/div>\n\t\t<div class=\"elementor-element elementor-element-bf426b6 e-flex e-con-boxed e-con e-parent\" data-id=\"bf426b6\" data-element_type=\"container\" data-e-type=\"container\">\n\t\t\t\t\t<div class=\"e-con-inner\">\n\t\t<div class=\"elementor-element elementor-element-859c650 e-con-full e-flex e-con e-child\" data-id=\"859c650\" data-element_type=\"container\" data-e-type=\"container\">\n\t\t\t\t<div class=\"elementor-element elementor-element-78297c5 elementor-widget elementor-widget-text-editor\" data-id=\"78297c5\" data-element_type=\"widget\" data-e-type=\"widget\" data-widget_type=\"text-editor.default\">\n\t\t\t\t<div class=\"elementor-widget-container\">\n\t\t\t\t\t\t\t\t\t<h2>Privacy Policy<\/h2><p><span style=\"font-weight: 400;\">This data management information of <\/span><b>Navem Consulting Kft.<\/b><span style=\"font-weight: 400;\"> (hereinafter referred to as the \"Data Controller\") describes the data management practices applied on the website<\/span><a href=\"https:\/\/keglifonyod.hu\/en\/\"> <span style=\"font-weight: 400;\">www.keglifonyod.hu<\/span><\/a><span style=\"font-weight: 400;\"> and in connection with the operation of K\u00e9gli Fony\u00f3d Apartment House.<\/span><\/p><h3>\u00a0<\/h3><h3><b>Name and details of the data controller<\/b><\/h3><p><b>Name:<\/b><span style=\"font-weight: 400;\">: Navem Consulting Kft.<\/span><span style=\"font-weight: 400;\"><br \/><\/span><b>Registered office:<\/b><span style=\"font-weight: 400;\">: 8640 Fony\u00f3d, F\u0151 utca 119.<\/span><\/p><p><b>Tax number:<\/b><span style=\"font-weight: 400;\">: <\/span><span style=\"font-weight: 400;\">27925920-2-14<\/span><span style=\"font-weight: 400;\"><br \/><\/span><b>E-mail address:<\/b><span style=\"font-weight: 400;\">: <\/span><a href=\"mailto:keglifonyod@gmail.com\"><span style=\"font-weight: 400;\">keglifonyod@gmail.com<\/span><\/a><\/p><p><b>Phone number:<\/b><span style=\"font-weight: 400;\">: +36 30 210 6649<\/span><\/p><h3>\u00a0<\/h3><h3><b>Scope of Personal Data Processed<\/b><\/h3><ul><li style=\"font-weight: 400;\" aria-level=\"1\"><b>When sending a message:<\/b><span style=\"font-weight: 400;\">name, email address<\/span><\/li><li style=\"font-weight: 400;\" aria-level=\"1\"><b>When using cookies: <\/b><span style=\"font-weight: 400;\">technical data, visit statistics, and data related to user behavior (e.g. pages viewed, duration, device type)<\/span><\/li><\/ul><h3>\u00a0<\/h3><h3><b>Cookies and similar technologies<\/b><\/h3><p><span style=\"font-weight: 400;\">During the operation of the Site, the Data Controller uses cookies and similar technologies, the purpose of which is to ensure the proper functioning of the website, improve the user experience, and achieve statistical and marketing goals.<\/span><\/p><p><span style=\"font-weight: 400;\">The main types of cookies used:<\/span><\/p><ul><li style=\"font-weight: 400;\" aria-level=\"1\"><b>Necessary cookies:<\/b><span style=\"font-weight: 400;\">essential for the basic functioning of the website<\/span><\/li><li style=\"font-weight: 400;\" aria-level=\"1\"><b>Analytical cookies:<\/b><span style=\"font-weight: 400;\">for analyzing visitor behavior and statistics (e.g. Google Analytics)<\/span><\/li><li style=\"font-weight: 400;\" aria-level=\"1\"><b>Marketing cookies<\/b><span style=\"font-weight: 400;\">for displaying personalized offers and advertisements (e.g. Facebook Pixel)<\/span><\/li><li style=\"font-weight: 400;\" aria-level=\"1\"><b>Third-party cookies:<\/b><span style=\"font-weight: 400;\">for example, for embedded content or social functions (e.g. YouTube, social plugins)<\/span><\/li><\/ul><p><span style=\"font-weight: 400;\">Non-necessary cookies are used only with the prior consent of the user.<\/span><\/p><p><span style=\"font-weight: 400;\">A detailed description of cookies, their operation, and the method of managing consent are included in the separate Cookie Policy: <\/span><a href=\"https:\/\/keglifonyod.hu\/en\/cookies-policy\/\"><span style=\"font-weight: 400;\">https:\/\/keglifonyod.hu\/suti-szabalyzat\/<\/span><\/a><\/p><h3>\u00a0<\/h3><h3><b>Purpose of Data Processing<\/b><\/h3><p><span style=\"font-weight: 400;\">The purpose of data management is to provide the services available on the Site and to facilitate contact. The automatically recorded data is used for statistical analysis, development of the IT system and improvement of the user experience.<\/span><\/p><h3>\u00a0<\/h3><h3><b>Legal Basis for Data Processing<\/b><\/h3><ul><li style=\"font-weight: 400;\" aria-level=\"1\"><span style=\"font-weight: 400;\">in the case of personal data provided during messaging, the voluntary consent of the data subject<\/span><\/li><li style=\"font-weight: 400;\" aria-level=\"1\"><span style=\"font-weight: 400;\">in the case of technical (necessary) cookies necessary for the operation of the website, the legitimate interest of the Data Controller<\/span><\/li><li style=\"font-weight: 400;\" aria-level=\"1\"><span style=\"font-weight: 400;\">in the case of cookies for analytical and marketing purposes, the prior consent of the data subject<\/span><\/li><\/ul><h3>\u00a0<\/h3><h3><b>Duration of Data Processing<\/b><\/h3><h4><b>Sending a message<\/b><\/h4><p><span style=\"font-weight: 400;\">The Data Controller stores the data provided during messaging for one year after the case is closed.<\/span><\/p><h4><b>Cookies<\/b><\/h4><p><span style=\"font-weight: 400;\">Some of the cookies placed in the browser by the Site are automatically deleted, while others can be deleted or disabled by the user in the browser settings. Please note that disabling cookies may affect the operation of the Site.<\/span><\/p><h4><b>Mandatory data processing<\/b><\/h4><p><span style=\"font-weight: 400;\">Retention obligations specified in law (e.g. accounting rules) are not affected by the data processing period.<\/span><\/p><h3>\u00a0<\/h3><h3><b>Persons authorized to view the data<\/b><\/h3><p><span style=\"font-weight: 400;\">The personal data processed are only accessible to the Data Controller and its employees. Data is only transferred to third parties if required by law or with the prior consent of the data subject.<\/span><\/p><p><span style=\"font-weight: 400;\">The Data Controller may use data processors (e.g. system operator, accountant), who process the data solely on the instructions of the Data Controller, to the extent necessary.<\/span><\/p><p><span style=\"font-weight: 400;\">The Data Controller may also use third-party service providers to provide certain services (e.g. analytics and marketing service providers), who act as independent data controllers and their own data protection notices govern the data processing. <\/span><b>Detailed information on the data processing of each service provider can be found in the Cookie Notice.<\/b><\/p><h3>\u00a0<\/h3><h3><b>Data Security<\/b><\/h3><p><span style=\"font-weight: 400;\">The data controller ensures the security of the data, and also takes the security and technical measures that ensure that the recorded, stored and processed data are protected, and does everything possible to prevent their destruction, unauthorized use and unauthorized alteration.<\/span><\/p><h3>\u00a0<\/h3><h3><b>User rights and remedies<\/b><\/h3><p><b>Request for Information<\/b><b><br \/><\/b><span style=\"font-weight: 400;\">Users may at any time request information about their processed personal data, their source, purpose, legal basis and duration of processing.<\/span><\/p><p><b>Correction, deletion, blocking<\/b><b><br \/><\/b><span style=\"font-weight: 400;\">The user may request the correction, deletion or blocking of their data. If the Data Controller rejects the request, the data subject will be notified of the decision in writing within 25 days, indicating the legal remedies.<\/span><\/p><p><b>Legal remedies<\/b><b><br \/><\/b><span style=\"font-weight: 400;\">The user may file a complaint with the National Data Protection and Freedom of Information Authority or, in the event of a violation of their rights, may go to court.<\/span><\/p><h3>\u00a0<\/h3><h3><b>Miscellaneous provisions<\/b><\/h3><p><span style=\"font-weight: 400;\">The Data Controller's system may collect data on the activities of users, which cannot be linked to other data provided by users, nor to data generated when using other websites or services.<\/span><\/p><p><span style=\"font-weight: 400;\">The Data Controller reserves the right to amend this Data Management Notice. After the amendment enters into force, the user accepts the contents of the amended Data Management Notice by using the service.<\/span><\/p><h2>\u00a0<\/h2><h2><b>Camera system and data management<\/b><\/h2><p><span style=\"font-weight: 400;\">The K\u00e9gli Fony\u00f3d Apartment House pays special attention to the safety of its guests and the protection of the accommodation. To this end, a security camera system operates on the territory of the Apartment House.<\/span><\/p><p><span style=\"font-weight: 400;\">The cameras are used solely for the purpose of property protection, security, damage prevention, and the clarification of possible disputes.\u00a0<\/span><\/p><p><span style=\"font-weight: 400;\">Data processing related to the operation of the camera system is carried out separately from data processing on the website.<\/span><\/p><h3>\u00a0<\/h3><h3><b>The recorded areas<\/b><\/h3><p><span style=\"font-weight: 400;\">The cameras operate in the following areas:<\/span><\/p><ul><li style=\"font-weight: 400;\" aria-level=\"1\"><span style=\"font-weight: 400;\">courtyard<\/span><\/li><li style=\"font-weight: 400;\" aria-level=\"1\"><span style=\"font-weight: 400;\">parking<\/span><\/li><li style=\"font-weight: 400;\" aria-level=\"1\"><span style=\"font-weight: 400;\">entrance areas<\/span><\/li><\/ul><p><span style=\"font-weight: 400;\">When designing the system, special attention was paid to ensuring that the guests' relaxation and private experience remain undisturbed.\u00a0<\/span><\/p><p><span style=\"font-weight: 400;\">The cameras serve security purposes only, not to monitor the guests' private lives.<\/span><\/p><p><span style=\"font-weight: 400;\">In the case of the camera system, there is no continuous, live monitoring, only recording.<\/span><\/p><h3>\u00a0<\/h3><h3><b>Legal Basis for Data Processing<\/b><\/h3><p><span style=\"font-weight: 400;\">The legal basis for data processing is the legitimate interest of the data controller (GDPR Article 6 (1) (f)), which is related to ensuring the safety of the accommodation and the guests.<\/span><\/p><h3>\u00a0<\/h3><h3><b>Scope of recorded data<\/b><\/h3><p><span style=\"font-weight: 400;\">The camera system records footage of vehicles and people in the affected areas.<\/span><\/p><h3>\u00a0<\/h3><h3><b>Data retention period<\/b><\/h3><p><span style=\"font-weight: 400;\">The retention period of recordings is a maximum of 7 days, after which the system automatically deletes them, unless the recording is retained due to a legal dispute or official procedure.<\/span><\/p><h3>\u00a0<\/h3><h3><b>Access to data<\/b><\/h3><p><span style=\"font-weight: 400;\">Only the operator of the Apartment House has access to the recordings. The data will not be passed on to third parties, except in the case of legal obligation.<\/span><\/p><h3>\u00a0<\/h3><h3><b>Rights of data subjects<\/b><\/h3><p><span style=\"font-weight: 400;\">Data subjects have the right to:<\/span><\/p><ul><li style=\"font-weight: 400;\" aria-level=\"1\"><span style=\"font-weight: 400;\">request information about data processing<\/span><\/li><li style=\"font-weight: 400;\" aria-level=\"1\"><span style=\"font-weight: 400;\">request access to recordings made about them<\/span><\/li><li style=\"font-weight: 400;\" aria-level=\"1\"><span style=\"font-weight: 400;\">request their deletion or restriction<\/span><\/li><li style=\"font-weight: 400;\" aria-level=\"1\"><span style=\"font-weight: 400;\">object to data processing<\/span><\/li><\/ul><p><span style=\"font-weight: 400;\">They can submit their requests to the following address: keglifonyod@gmail.com<\/span><\/p><h3>\u00a0<\/h3><h3><b>More information<\/b><\/h3><p><span style=\"font-weight: 400;\">If the data subject believes that his\/her rights have been violated in relation to the processing of his\/her data, he\/she may file a complaint with the National Authority for Data Protection and Freedom of Information.<\/span><\/p><p><b>General information regarding the operation of the camera system can also be found in the GTC.<\/b><\/p><p>\u00a0<\/p>\t\t\t\t\t\t\t\t<\/div>\n\t\t\t\t<\/div>\n\t\t\t\t<\/div>\n\t\t\t\t\t<\/div>\n\t\t\t\t<\/div>\n\t\t\t\t<\/div>","protected":false},"excerpt":{"rendered":"<p>Adatv\u00e9delmi t\u00e1j\u00e9koztat\u00f3 Adatv\u00e9delmi t\u00e1j\u00e9koztat\u00f3 A Navem Consulting Kft. (a tov\u00e1bbiakban: \u201eAdatkezel\u0151\u201d) jelen adatkezel\u00e9ssel kapcsolatos t\u00e1j\u00e9koztat\u00f3ja ismerteti a www.keglifonyod.hu honlapon, valamint a K\u00e9gli Fony\u00f3d Apartmanh\u00e1z m\u0171k\u00f6d\u00e9s\u00e9vel \u00f6sszef\u00fcgg\u00e9sben alkalmazott adatkezel\u00e9si gyakorlatot. \u00a0 Adatkezel\u0151 megnevez\u00e9se \u00e9s adatai N\u00e9v: Navem Consulting Kft.Sz\u00e9khely: 8640 Fony\u00f3d, F\u0151 utca 119. Ad\u00f3sz\u00e1m: 27925920-2-14E-mail c\u00edm: keglifonyod@gmail.com Telefonsz\u00e1m: +36 30 210 6649 \u00a0 A kezelt [&hellip;]<\/p>\n","protected":false},"author":1,"featured_media":0,"parent":0,"menu_order":0,"comment_status":"closed","ping_status":"closed","template":"","meta":{"footnotes":""},"class_list":["post-102","page","type-page","status-publish","hentry"],"yoast_head":"<!-- This site is optimized with the Yoast SEO plugin v27.3 - https:\/\/yoast.com\/product\/yoast-seo-wordpress\/ -->\n<title>Adatv\u00e9delmi t\u00e1j\u00e9koztat\u00f3 - K\u00e9gli Fony\u00f3d<\/title>\n<meta name=\"robots\" content=\"noindex, nofollow\" \/>\n<meta property=\"og:locale\" content=\"en_GB\" \/>\n<meta property=\"og:type\" content=\"article\" \/>\n<meta property=\"og:title\" content=\"Adatv\u00e9delmi t\u00e1j\u00e9koztat\u00f3 - K\u00e9gli Fony\u00f3d\" \/>\n<meta property=\"og:description\" content=\"Adatv\u00e9delmi t\u00e1j\u00e9koztat\u00f3 Adatv\u00e9delmi t\u00e1j\u00e9koztat\u00f3 A Navem Consulting Kft. (a tov\u00e1bbiakban: \u201eAdatkezel\u0151\u201d) jelen adatkezel\u00e9ssel kapcsolatos t\u00e1j\u00e9koztat\u00f3ja ismerteti a www.keglifonyod.hu honlapon, valamint a K\u00e9gli Fony\u00f3d Apartmanh\u00e1z m\u0171k\u00f6d\u00e9s\u00e9vel \u00f6sszef\u00fcgg\u00e9sben alkalmazott adatkezel\u00e9si gyakorlatot. \u00a0 Adatkezel\u0151 megnevez\u00e9se \u00e9s adatai N\u00e9v: Navem Consulting Kft.Sz\u00e9khely: 8640 Fony\u00f3d, F\u0151 utca 119. Ad\u00f3sz\u00e1m: 27925920-2-14E-mail c\u00edm: keglifonyod@gmail.com Telefonsz\u00e1m: +36 30 210 6649 \u00a0 A kezelt [&hellip;]\" \/>\n<meta property=\"og:url\" content=\"https:\/\/keglifonyod.hu\/en\/privacy-policy\/\" \/>\n<meta property=\"og:site_name\" content=\"K\u00e9gli Fony\u00f3d\" \/>\n<meta property=\"article:publisher\" content=\"https:\/\/www.facebook.com\/keglifonyod\" \/>\n<meta property=\"article:modified_time\" content=\"2026-04-28T07:21:00+00:00\" \/>\n<meta property=\"og:image\" content=\"https:\/\/keglifonyod.hu\/wp-content\/uploads\/2025\/08\/kegli-kiemelt-kep.jpg\" \/>\n\t<meta property=\"og:image:width\" content=\"1200\" \/>\n\t<meta property=\"og:image:height\" content=\"675\" \/>\n\t<meta property=\"og:image:type\" content=\"image\/jpeg\" \/>\n<meta name=\"twitter:card\" content=\"summary_large_image\" \/>\n<meta name=\"twitter:label1\" content=\"Estimated reading time\" \/>\n\t<meta name=\"twitter:data1\" content=\"5 minutes\" \/>\n<script type=\"application\/ld+json\" class=\"yoast-schema-graph\">{\"@context\":\"https:\\\/\\\/schema.org\",\"@graph\":[{\"@type\":\"WebPage\",\"@id\":\"https:\\\/\\\/keglifonyod.hu\\\/adatvedelmi-tajekoztato\\\/\",\"url\":\"https:\\\/\\\/keglifonyod.hu\\\/adatvedelmi-tajekoztato\\\/\",\"name\":\"Adatv\u00e9delmi t\u00e1j\u00e9koztat\u00f3 - K\u00e9gli Fony\u00f3d\",\"isPartOf\":{\"@id\":\"https:\\\/\\\/keglifonyod.hu\\\/#website\"},\"datePublished\":\"2024-11-15T13:29:21+00:00\",\"dateModified\":\"2026-04-28T07:21:00+00:00\",\"breadcrumb\":{\"@id\":\"https:\\\/\\\/keglifonyod.hu\\\/adatvedelmi-tajekoztato\\\/#breadcrumb\"},\"inLanguage\":\"en-GB\",\"potentialAction\":[{\"@type\":\"ReadAction\",\"target\":[\"https:\\\/\\\/keglifonyod.hu\\\/adatvedelmi-tajekoztato\\\/\"]}]},{\"@type\":\"BreadcrumbList\",\"@id\":\"https:\\\/\\\/keglifonyod.hu\\\/adatvedelmi-tajekoztato\\\/#breadcrumb\",\"itemListElement\":[{\"@type\":\"ListItem\",\"position\":1,\"name\":\"Kezd\u0151lap\",\"item\":\"https:\\\/\\\/keglifonyod.hu\\\/\"},{\"@type\":\"ListItem\",\"position\":2,\"name\":\"Adatv\u00e9delmi t\u00e1j\u00e9koztat\u00f3\"}]},{\"@type\":\"WebSite\",\"@id\":\"https:\\\/\\\/keglifonyod.hu\\\/#website\",\"url\":\"https:\\\/\\\/keglifonyod.hu\\\/\",\"name\":\"K\u00e9gli Fony\u00f3d\",\"description\":\"Ahov\u00e1 csak meg\u00e9rkezned kell\",\"publisher\":{\"@id\":\"https:\\\/\\\/keglifonyod.hu\\\/#organization\"},\"potentialAction\":[{\"@type\":\"SearchAction\",\"target\":{\"@type\":\"EntryPoint\",\"urlTemplate\":\"https:\\\/\\\/keglifonyod.hu\\\/?s={search_term_string}\"},\"query-input\":{\"@type\":\"PropertyValueSpecification\",\"valueRequired\":true,\"valueName\":\"search_term_string\"}}],\"inLanguage\":\"en-GB\"},{\"@type\":\"Organization\",\"@id\":\"https:\\\/\\\/keglifonyod.hu\\\/#organization\",\"name\":\"K\u00e9gli Fony\u00f3d\",\"url\":\"https:\\\/\\\/keglifonyod.hu\\\/\",\"logo\":{\"@type\":\"ImageObject\",\"inLanguage\":\"en-GB\",\"@id\":\"https:\\\/\\\/keglifonyod.hu\\\/#\\\/schema\\\/logo\\\/image\\\/\",\"url\":\"https:\\\/\\\/keglifonyod.hu\\\/wp-content\\\/uploads\\\/2024\\\/11\\\/kegli-logo.png\",\"contentUrl\":\"https:\\\/\\\/keglifonyod.hu\\\/wp-content\\\/uploads\\\/2024\\\/11\\\/kegli-logo.png\",\"width\":400,\"height\":400,\"caption\":\"K\u00e9gli Fony\u00f3d\"},\"image\":{\"@id\":\"https:\\\/\\\/keglifonyod.hu\\\/#\\\/schema\\\/logo\\\/image\\\/\"},\"sameAs\":[\"https:\\\/\\\/www.facebook.com\\\/keglifonyod\",\"https:\\\/\\\/www.instagram.com\\\/keglifonyod\\\/\"]}]}<\/script>\n<!-- \/ Yoast SEO plugin. -->","yoast_head_json":{"title":"Adatv\u00e9delmi t\u00e1j\u00e9koztat\u00f3 - K\u00e9gli Fony\u00f3d","robots":{"index":"noindex","follow":"nofollow"},"og_locale":"en_GB","og_type":"article","og_title":"Adatv\u00e9delmi t\u00e1j\u00e9koztat\u00f3 - K\u00e9gli Fony\u00f3d","og_description":"Adatv\u00e9delmi t\u00e1j\u00e9koztat\u00f3 Adatv\u00e9delmi t\u00e1j\u00e9koztat\u00f3 A Navem Consulting Kft. (a tov\u00e1bbiakban: \u201eAdatkezel\u0151\u201d) jelen adatkezel\u00e9ssel kapcsolatos t\u00e1j\u00e9koztat\u00f3ja ismerteti a www.keglifonyod.hu honlapon, valamint a K\u00e9gli Fony\u00f3d Apartmanh\u00e1z m\u0171k\u00f6d\u00e9s\u00e9vel \u00f6sszef\u00fcgg\u00e9sben alkalmazott adatkezel\u00e9si gyakorlatot. \u00a0 Adatkezel\u0151 megnevez\u00e9se \u00e9s adatai N\u00e9v: Navem Consulting Kft.Sz\u00e9khely: 8640 Fony\u00f3d, F\u0151 utca 119. Ad\u00f3sz\u00e1m: 27925920-2-14E-mail c\u00edm: keglifonyod@gmail.com Telefonsz\u00e1m: +36 30 210 6649 \u00a0 A kezelt [&hellip;]","og_url":"https:\/\/keglifonyod.hu\/en\/privacy-policy\/","og_site_name":"K\u00e9gli Fony\u00f3d","article_publisher":"https:\/\/www.facebook.com\/keglifonyod","article_modified_time":"2026-04-28T07:21:00+00:00","og_image":[{"width":1200,"height":675,"url":"https:\/\/keglifonyod.hu\/wp-content\/uploads\/2025\/08\/kegli-kiemelt-kep.jpg","type":"image\/jpeg"}],"twitter_card":"summary_large_image","twitter_misc":{"Estimated reading time":"5 minutes"},"schema":{"@context":"https:\/\/schema.org","@graph":[{"@type":"WebPage","@id":"https:\/\/keglifonyod.hu\/adatvedelmi-tajekoztato\/","url":"https:\/\/keglifonyod.hu\/adatvedelmi-tajekoztato\/","name":"Adatv\u00e9delmi t\u00e1j\u00e9koztat\u00f3 - K\u00e9gli Fony\u00f3d","isPartOf":{"@id":"https:\/\/keglifonyod.hu\/#website"},"datePublished":"2024-11-15T13:29:21+00:00","dateModified":"2026-04-28T07:21:00+00:00","breadcrumb":{"@id":"https:\/\/keglifonyod.hu\/adatvedelmi-tajekoztato\/#breadcrumb"},"inLanguage":"en-GB","potentialAction":[{"@type":"ReadAction","target":["https:\/\/keglifonyod.hu\/adatvedelmi-tajekoztato\/"]}]},{"@type":"BreadcrumbList","@id":"https:\/\/keglifonyod.hu\/adatvedelmi-tajekoztato\/#breadcrumb","itemListElement":[{"@type":"ListItem","position":1,"name":"Kezd\u0151lap","item":"https:\/\/keglifonyod.hu\/"},{"@type":"ListItem","position":2,"name":"Adatv\u00e9delmi t\u00e1j\u00e9koztat\u00f3"}]},{"@type":"WebSite","@id":"https:\/\/keglifonyod.hu\/#website","url":"https:\/\/keglifonyod.hu\/","name":"K\u00e9gli Fony\u00f3d","description":"Arrive and unwind","publisher":{"@id":"https:\/\/keglifonyod.hu\/#organization"},"potentialAction":[{"@type":"SearchAction","target":{"@type":"EntryPoint","urlTemplate":"https:\/\/keglifonyod.hu\/?s={search_term_string}"},"query-input":{"@type":"PropertyValueSpecification","valueRequired":true,"valueName":"search_term_string"}}],"inLanguage":"en-GB"},{"@type":"Organization","@id":"https:\/\/keglifonyod.hu\/#organization","name":"K\u00e9gli Fony\u00f3d","url":"https:\/\/keglifonyod.hu\/","logo":{"@type":"ImageObject","inLanguage":"en-GB","@id":"https:\/\/keglifonyod.hu\/#\/schema\/logo\/image\/","url":"https:\/\/keglifonyod.hu\/wp-content\/uploads\/2024\/11\/kegli-logo.png","contentUrl":"https:\/\/keglifonyod.hu\/wp-content\/uploads\/2024\/11\/kegli-logo.png","width":400,"height":400,"caption":"K\u00e9gli Fony\u00f3d"},"image":{"@id":"https:\/\/keglifonyod.hu\/#\/schema\/logo\/image\/"},"sameAs":["https:\/\/www.facebook.com\/keglifonyod","https:\/\/www.instagram.com\/keglifonyod\/"]}]}},"_links":{"self":[{"href":"https:\/\/keglifonyod.hu\/en\/wp-json\/wp\/v2\/pages\/102","targetHints":{"allow":["GET"]}}],"collection":[{"href":"https:\/\/keglifonyod.hu\/en\/wp-json\/wp\/v2\/pages"}],"about":[{"href":"https:\/\/keglifonyod.hu\/en\/wp-json\/wp\/v2\/types\/page"}],"author":[{"embeddable":true,"href":"https:\/\/keglifonyod.hu\/en\/wp-json\/wp\/v2\/users\/1"}],"replies":[{"embeddable":true,"href":"https:\/\/keglifonyod.hu\/en\/wp-json\/wp\/v2\/comments?post=102"}],"version-history":[{"count":43,"href":"https:\/\/keglifonyod.hu\/en\/wp-json\/wp\/v2\/pages\/102\/revisions"}],"predecessor-version":[{"id":3328,"href":"https:\/\/keglifonyod.hu\/en\/wp-json\/wp\/v2\/pages\/102\/revisions\/3328"}],"wp:attachment":[{"href":"https:\/\/keglifonyod.hu\/en\/wp-json\/wp\/v2\/media?parent=102"}],"curies":[{"name":"wp","href":"https:\/\/api.w.org\/{rel}","templated":true}]}}